{"id":6223,"date":"2023-06-20T22:31:21","date_gmt":"2023-06-20T22:31:21","guid":{"rendered":"https:\/\/www.couleedevserver.com\/atproject\/?page_id=6223"},"modified":"2023-07-31T18:49:30","modified_gmt":"2023-07-31T18:49:30","slug":"report-human-trafficking","status":"publish","type":"page","link":"https:\/\/at-project.org\/es\/report-human-trafficking\/","title":{"rendered":"Reporta Trata de Personas"},"content":{"rendered":"<div id=\"fws_69ecb6091393e\"  data-column-margin=\"default\" data-midnight=\"light\"  class=\"wpb_row vc_row-fluid vc_row full-width-section vc_row-o-full-height vc_row-o-columns-middle vc_row-o-equal-height vc_row-flex parallax_section\"  style=\"padding-top: 0px; padding-bottom: 0px; \"><div class=\"row-bg-wrap\" data-bg-animation=\"zoom-out\" data-bg-animation-delay=\"\" data-bg-overlay=\"true\"><div class=\"inner-wrap row-bg-layer using-image\" ><div class=\"row-bg viewport-desktop using-image using-bg-color\" data-parallax-speed=\"fast\" style=\"background-image: url(https:\/\/at-project.org\/wp-content\/uploads\/2023\/04\/pexels-pixabay-247195.jpg); background-position: center center; background-repeat: no-repeat; background-color: #000000; \"><\/div><\/div><div class=\"row-bg-overlay row-bg-layer\" style=\"background: rgba(16,107,180,0.36); background: radial-gradient(50% 50% at 50% 50%,rgba(16,107,180,0.36) 0%,#106bb4 100%);  opacity: 1; \"><\/div><\/div><div class=\"row_col_wrap_12 col span_12 light left\">\n\t<div  class=\"vc_col-sm-12 wpb_column column_container vc_column_container col centered-text no-extra-padding inherit_tablet inherit_phone\"  data-padding-pos=\"all\" data-has-bg-color=\"false\" data-bg-color=\"\" data-bg-opacity=\"1\" data-animation=\"\" data-delay=\"0\" >\n\t\t<div class=\"vc_column-inner\" >\n\t\t\t<div class=\"wpb_wrapper\">\n\t\t\t\t<div class=\"divider-wrap height_phone_0px\" data-alignment=\"default\"><div style=\"height: 200px;\" class=\"divider\"><\/div><\/div><div id=\"fws_69ecb60913f2e\" data-midnight=\"\" data-column-margin=\"default\" class=\"wpb_row vc_row-fluid vc_row inner_row\"  style=\"\"><div class=\"row-bg-wrap\"> <div class=\"row-bg\" ><\/div> <\/div><div class=\"row_col_wrap_12_inner col span_12  left\">\n\t<div  class=\"vc_col-sm-2 wpb_column column_container vc_column_container col child_column no-extra-padding inherit_tablet inherit_phone\"   data-padding-pos=\"all\" data-has-bg-color=\"false\" data-bg-color=\"\" data-bg-opacity=\"1\" data-animation=\"\" data-delay=\"0\" >\n\t\t<div class=\"vc_column-inner\" >\n\t\t<div class=\"wpb_wrapper\">\n\t\t\t\n\t\t<\/div> \n\t<\/div>\n\t<\/div> \n\n\t<div  class=\"vc_col-sm-8 wpb_column column_container vc_column_container col child_column centered-text has-animation no-extra-padding inherit_tablet inherit_phone\"   data-padding-pos=\"all\" data-has-bg-color=\"false\" data-bg-color=\"\" data-bg-opacity=\"1\" data-animation=\"fade-in-from-bottom\" data-delay=\"0\" >\n\t\t<div class=\"vc_column-inner\" >\n\t\t<div class=\"wpb_wrapper\">\n\t\t\t\n<div class=\"wpb_text_column wpb_content_element\" >\n\t<div class=\"wpb_wrapper\">\n\t\t<h1>Reporta Trata de Personas<\/h1>\n\t<\/div>\n<\/div>\n\n\n\n\n<div class=\"wpb_text_column wpb_content_element\" >\n\t<div class=\"wpb_wrapper\">\n\t\t<h4>SI T\u00da O ALGUIEN M\u00c1S EST\u00c1 EN PELIGRO INMEDIATO, LLAMA AL 911<\/h4>\n\t<\/div>\n<\/div>\n\n\n\n\n\t\t<\/div> \n\t<\/div>\n\t<\/div> \n\n\t<div  class=\"vc_col-sm-2 wpb_column column_container vc_column_container col child_column no-extra-padding inherit_tablet inherit_phone\"   data-padding-pos=\"all\" data-has-bg-color=\"false\" data-bg-color=\"\" data-bg-opacity=\"1\" data-animation=\"\" data-delay=\"0\" >\n\t\t<div class=\"vc_column-inner\" >\n\t\t<div class=\"wpb_wrapper\">\n\t\t\t\n\t\t<\/div> \n\t<\/div>\n\t<\/div> \n<\/div><\/div><div id=\"fws_69ecb60914456\" data-midnight=\"\" data-column-margin=\"default\" class=\"wpb_row vc_row-fluid vc_row inner_row\"  style=\"\"><div class=\"row-bg-wrap\"> <div class=\"row-bg\" ><\/div> <\/div><div class=\"row_col_wrap_12_inner col span_12  left\">\n\t<div  class=\"vc_col-sm-12 wpb_column column_container vc_column_container col child_column no-extra-padding inherit_tablet inherit_phone\"   data-padding-pos=\"all\" data-has-bg-color=\"false\" data-bg-color=\"\" data-bg-opacity=\"1\" data-animation=\"\" data-delay=\"0\" >\n\t\t<div class=\"vc_column-inner\" >\n\t\t<div class=\"wpb_wrapper\">\n\t\t\t<div class=\"divider-wrap height_phone_5px\" style=\"opacity: 0.8;\" data-alignment=\"default\"><div style=\"margin-top: 25px; height: 1px; margin-bottom: 25px;\" data-width=\"100%\" data-animate=\"yes\" data-animation-delay=\"\" data-color=\"default\" class=\"divider-border\"><\/div><\/div>\n\t\t<\/div> \n\t<\/div>\n\t<\/div> \n<\/div><\/div><div id=\"fws_69ecb60914628\" data-midnight=\"\" data-column-margin=\"default\" class=\"wpb_row vc_row-fluid vc_row inner_row\"  style=\"\"><div class=\"row-bg-wrap\"> <div class=\"row-bg\" ><\/div> <\/div><div class=\"row_col_wrap_12_inner col span_12  left\">\n\t<div  class=\"vc_col-sm-4 wpb_column column_container vc_column_container col child_column has-animation padding-2-percent inherit_tablet inherit_phone\"   data-padding-pos=\"all\" data-has-bg-color=\"false\" data-bg-color=\"\" data-bg-opacity=\"1\" data-animation=\"fade-in-from-bottom\" data-delay=\"0\" >\n\t\t<div class=\"vc_column-inner\" >\n\t\t<div class=\"wpb_wrapper\">\n\t\t\t\n<div class=\"wpb_text_column wpb_content_element\" >\n\t<div class=\"wpb_wrapper\">\n\t\t<h3>NACIONAL<\/h3>\n\t<\/div>\n<\/div>\n\n\n\n\n<div class=\"wpb_text_column wpb_content_element\" >\n\t<div class=\"wpb_wrapper\">\n\t\t<p>L\u00ednea Directa Nacional de Trata de Personas<br \/>\nLlama 1-888-373-7888 Texto: 233733 (BeFree)<\/p>\n\t<\/div>\n<\/div>\n\n\n\n\n\t\t<\/div> \n\t<\/div>\n\t<\/div> \n\n\t<div  class=\"vc_col-sm-4 wpb_column column_container vc_column_container col child_column has-animation padding-2-percent inherit_tablet inherit_phone\"   data-padding-pos=\"all\" data-has-bg-color=\"false\" data-bg-color=\"\" data-bg-opacity=\"1\" data-animation=\"fade-in-from-bottom\" data-delay=\"100\" >\n\t\t<div class=\"vc_column-inner\" >\n\t\t<div class=\"wpb_wrapper\">\n\t\t\t\n<div class=\"wpb_text_column wpb_content_element\" >\n\t<div class=\"wpb_wrapper\">\n\t\t<h3>ABUSO INFANTIL<\/h3>\n\t<\/div>\n<\/div>\n\n\n\n\n<div class=\"wpb_text_column wpb_content_element\" >\n\t<div class=\"wpb_wrapper\">\n\t\t<p>L\u00ednea Directa de Abuso Infantil de Oreg\u00f3n: 1-855-503-SAFE<br \/>\nReporte Obligatorio: La trata sexual infantil o la explotaci\u00f3n sexual de un ni\u00f1o es abuso infantil. Esto debe informarse a la polic\u00eda o a la L\u00ednea Directa de Abuso Infantil.<\/p>\n\t<\/div>\n<\/div>\n\n\n\n\n\t\t<\/div> \n\t<\/div>\n\t<\/div> \n\n\t<div  class=\"vc_col-sm-4 wpb_column column_container vc_column_container col child_column has-animation padding-2-percent inherit_tablet inherit_phone\"   data-padding-pos=\"all\" data-has-bg-color=\"false\" data-bg-color=\"\" data-bg-opacity=\"1\" data-animation=\"fade-in-from-bottom\" data-delay=\"200\" >\n\t\t<div class=\"vc_column-inner\" >\n\t\t<div class=\"wpb_wrapper\">\n\t\t\t\n<div class=\"wpb_text_column wpb_content_element\" >\n\t<div class=\"wpb_wrapper\">\n\t\t<h3>LOCAL<\/h3>\n\t<\/div>\n<\/div>\n\n\n\n\n<div class=\"wpb_text_column wpb_content_element\" >\n\t<div class=\"wpb_wrapper\">\n\t\t<p>Llama al 541-647-0658 para servicios de defensor\u00eda en los Condados de Deschutes, Crook, o Jefferson<\/p>\n\t<\/div>\n<\/div>\n\n\n\n\n\t\t<\/div> \n\t<\/div>\n\t<\/div> \n<\/div><\/div>\n\t\t\t<\/div> \n\t\t<\/div>\n\t<\/div> \n<\/div><\/div>","protected":false},"excerpt":{"rendered":"Report Human Trafficking If you or someone else is in immediate danger, call 911 Nationally National Human Trafficking Hotline Call 1-888-373-7888 Text: 233733 (BeFree) Child Abuse Oregon Child Abuse Hotline:...","protected":false},"author":1,"featured_media":0,"parent":0,"menu_order":0,"comment_status":"closed","ping_status":"closed","template":"template-no-footer.php","meta":{"footnotes":""},"class_list":["post-6223","page","type-page","status-publish"],"yoast_head":"<!-- This site is optimized with the Yoast SEO plugin v27.4 - https:\/\/yoast.com\/product\/yoast-seo-wordpress\/ -->\n<title>Report Human Trafficking - at:project<\/title>\n<meta name=\"robots\" content=\"index, follow, max-snippet:-1, max-image-preview:large, max-video-preview:-1\" \/>\n<link rel=\"canonical\" href=\"https:\/\/at-project.org\/es\/report-human-trafficking\/\" \/>\n<meta property=\"og:locale\" content=\"es_MX\" \/>\n<meta property=\"og:type\" content=\"article\" \/>\n<meta property=\"og:title\" content=\"Report Human Trafficking - at:project\" \/>\n<meta property=\"og:url\" content=\"https:\/\/at-project.org\/es\/report-human-trafficking\/\" \/>\n<meta property=\"og:site_name\" content=\"at:project\" \/>\n<meta property=\"article:publisher\" content=\"https:\/\/www.facebook.com\/at.project.org\" \/>\n<meta property=\"article:modified_time\" content=\"2023-07-31T18:49:30+00:00\" \/>\n<meta name=\"twitter:card\" content=\"summary_large_image\" \/>\n<meta name=\"twitter:label1\" content=\"Tiempo de lectura\" \/>\n\t<meta name=\"twitter:data1\" content=\"6 minutos\" \/>\n<script type=\"application\/ld+json\" class=\"yoast-schema-graph\">{\"@context\":\"https:\\\/\\\/schema.org\",\"@graph\":[{\"@type\":\"WebPage\",\"@id\":\"https:\\\/\\\/at-project.org\\\/report-human-trafficking\\\/\",\"url\":\"https:\\\/\\\/at-project.org\\\/report-human-trafficking\\\/\",\"name\":\"Report Human Trafficking - at:project\",\"isPartOf\":{\"@id\":\"https:\\\/\\\/at-project.org\\\/#website\"},\"datePublished\":\"2023-06-20T22:31:21+00:00\",\"dateModified\":\"2023-07-31T18:49:30+00:00\",\"breadcrumb\":{\"@id\":\"https:\\\/\\\/at-project.org\\\/report-human-trafficking\\\/#breadcrumb\"},\"inLanguage\":\"es\",\"potentialAction\":[{\"@type\":\"ReadAction\",\"target\":[\"https:\\\/\\\/at-project.org\\\/report-human-trafficking\\\/\"]}]},{\"@type\":\"BreadcrumbList\",\"@id\":\"https:\\\/\\\/at-project.org\\\/report-human-trafficking\\\/#breadcrumb\",\"itemListElement\":[{\"@type\":\"ListItem\",\"position\":1,\"name\":\"Home\",\"item\":\"https:\\\/\\\/at-project.org\\\/\"},{\"@type\":\"ListItem\",\"position\":2,\"name\":\"Report Human Trafficking\"}]},{\"@type\":\"WebSite\",\"@id\":\"https:\\\/\\\/at-project.org\\\/#website\",\"url\":\"https:\\\/\\\/at-project.org\\\/\",\"name\":\"at:project\",\"description\":\"\",\"publisher\":{\"@id\":\"https:\\\/\\\/at-project.org\\\/#organization\"},\"potentialAction\":[{\"@type\":\"SearchAction\",\"target\":{\"@type\":\"EntryPoint\",\"urlTemplate\":\"https:\\\/\\\/at-project.org\\\/?s={search_term_string}\"},\"query-input\":{\"@type\":\"PropertyValueSpecification\",\"valueRequired\":true,\"valueName\":\"search_term_string\"}}],\"inLanguage\":\"es\"},{\"@type\":\"Organization\",\"@id\":\"https:\\\/\\\/at-project.org\\\/#organization\",\"name\":\"at:project\",\"url\":\"https:\\\/\\\/at-project.org\\\/\",\"logo\":{\"@type\":\"ImageObject\",\"inLanguage\":\"es\",\"@id\":\"https:\\\/\\\/at-project.org\\\/#\\\/schema\\\/logo\\\/image\\\/\",\"url\":\"https:\\\/\\\/at-project.org\\\/wp-content\\\/uploads\\\/2023\\\/08\\\/at-project-at-only-05.png\",\"contentUrl\":\"https:\\\/\\\/at-project.org\\\/wp-content\\\/uploads\\\/2023\\\/08\\\/at-project-at-only-05.png\",\"width\":846,\"height\":852,\"caption\":\"at:project\"},\"image\":{\"@id\":\"https:\\\/\\\/at-project.org\\\/#\\\/schema\\\/logo\\\/image\\\/\"},\"sameAs\":[\"https:\\\/\\\/www.facebook.com\\\/at.project.org\",\"https:\\\/\\\/www.instagram.com\\\/at_project_org\"]}]}<\/script>\n<!-- \/ Yoast SEO plugin. -->","yoast_head_json":{"title":"Report Human Trafficking - at:project","robots":{"index":"index","follow":"follow","max-snippet":"max-snippet:-1","max-image-preview":"max-image-preview:large","max-video-preview":"max-video-preview:-1"},"canonical":"https:\/\/at-project.org\/es\/report-human-trafficking\/","og_locale":"es_MX","og_type":"article","og_title":"Report Human Trafficking - at:project","og_url":"https:\/\/at-project.org\/es\/report-human-trafficking\/","og_site_name":"at:project","article_publisher":"https:\/\/www.facebook.com\/at.project.org","article_modified_time":"2023-07-31T18:49:30+00:00","twitter_card":"summary_large_image","twitter_misc":{"Tiempo de lectura":"6 minutos"},"schema":{"@context":"https:\/\/schema.org","@graph":[{"@type":"WebPage","@id":"https:\/\/at-project.org\/report-human-trafficking\/","url":"https:\/\/at-project.org\/report-human-trafficking\/","name":"Report Human Trafficking - at:project","isPartOf":{"@id":"https:\/\/at-project.org\/#website"},"datePublished":"2023-06-20T22:31:21+00:00","dateModified":"2023-07-31T18:49:30+00:00","breadcrumb":{"@id":"https:\/\/at-project.org\/report-human-trafficking\/#breadcrumb"},"inLanguage":"es","potentialAction":[{"@type":"ReadAction","target":["https:\/\/at-project.org\/report-human-trafficking\/"]}]},{"@type":"BreadcrumbList","@id":"https:\/\/at-project.org\/report-human-trafficking\/#breadcrumb","itemListElement":[{"@type":"ListItem","position":1,"name":"Home","item":"https:\/\/at-project.org\/"},{"@type":"ListItem","position":2,"name":"Report Human Trafficking"}]},{"@type":"WebSite","@id":"https:\/\/at-project.org\/#website","url":"https:\/\/at-project.org\/","name":"at:project","description":"","publisher":{"@id":"https:\/\/at-project.org\/#organization"},"potentialAction":[{"@type":"SearchAction","target":{"@type":"EntryPoint","urlTemplate":"https:\/\/at-project.org\/?s={search_term_string}"},"query-input":{"@type":"PropertyValueSpecification","valueRequired":true,"valueName":"search_term_string"}}],"inLanguage":"es"},{"@type":"Organization","@id":"https:\/\/at-project.org\/#organization","name":"at:project","url":"https:\/\/at-project.org\/","logo":{"@type":"ImageObject","inLanguage":"es","@id":"https:\/\/at-project.org\/#\/schema\/logo\/image\/","url":"https:\/\/at-project.org\/wp-content\/uploads\/2023\/08\/at-project-at-only-05.png","contentUrl":"https:\/\/at-project.org\/wp-content\/uploads\/2023\/08\/at-project-at-only-05.png","width":846,"height":852,"caption":"at:project"},"image":{"@id":"https:\/\/at-project.org\/#\/schema\/logo\/image\/"},"sameAs":["https:\/\/www.facebook.com\/at.project.org","https:\/\/www.instagram.com\/at_project_org"]}]}},"_links":{"self":[{"href":"https:\/\/at-project.org\/es\/wp-json\/wp\/v2\/pages\/6223","targetHints":{"allow":["GET"]}}],"collection":[{"href":"https:\/\/at-project.org\/es\/wp-json\/wp\/v2\/pages"}],"about":[{"href":"https:\/\/at-project.org\/es\/wp-json\/wp\/v2\/types\/page"}],"author":[{"embeddable":true,"href":"https:\/\/at-project.org\/es\/wp-json\/wp\/v2\/users\/1"}],"replies":[{"embeddable":true,"href":"https:\/\/at-project.org\/es\/wp-json\/wp\/v2\/comments?post=6223"}],"version-history":[{"count":8,"href":"https:\/\/at-project.org\/es\/wp-json\/wp\/v2\/pages\/6223\/revisions"}],"predecessor-version":[{"id":6356,"href":"https:\/\/at-project.org\/es\/wp-json\/wp\/v2\/pages\/6223\/revisions\/6356"}],"wp:attachment":[{"href":"https:\/\/at-project.org\/es\/wp-json\/wp\/v2\/media?parent=6223"}],"curies":[{"name":"wp","href":"https:\/\/api.w.org\/{rel}","templated":true}]}}